{"id":588,"date":"2021-08-16T14:39:30","date_gmt":"2021-08-16T14:39:30","guid":{"rendered":"http:\/\/gcluimnigh.ie\/?page_id=588"},"modified":"2022-01-06T15:00:19","modified_gmt":"2022-01-06T15:00:19","slug":"faoi","status":"publish","type":"page","link":"https:\/\/gcluimnigh.ie\/ga\/faoi\/","title":{"rendered":"Faoi"},"content":{"rendered":"<p>Is me\u00e1n-scoil l\u00e1n ghaelach Gaelchol\u00e1iste Luimnigh. M\u00faintear gach \u00e1bhar (seachas teangacha eile) tr\u00ed mhe\u00e1n na Gaeilge. Sol\u00e1thra\u00edonn an su\u00edomh seo faisn\u00e9is do thuismitheoir\u00ed, dalta\u00ed agus comhphobal Ghaelchol\u00e1iste Luimnigh faoi ch\u00farsa\u00ed agus nuacht an chol\u00e1iste.<\/p>\n","protected":false},"excerpt":{"rendered":"<p>Is me\u00e1n-scoil l\u00e1n ghaelach Gaelchol\u00e1iste Luimnigh. M\u00faintear gach \u00e1bhar (seachas teangacha eile) tr\u00ed mhe\u00e1n na Gaeilge. Sol\u00e1thra\u00edonn an su\u00edomh seo faisn\u00e9is do thuismitheoir\u00ed, dalta\u00ed agus comhphobal Ghaelchol\u00e1iste Luimnigh faoi ch\u00farsa\u00ed agus nuacht an chol\u00e1iste.<\/p>\n","protected":false},"author":1,"featured_media":0,"parent":0,"menu_order":0,"comment_status":"closed","ping_status":"closed","template":"","meta":{"site-sidebar-layout":"default","site-content-layout":"default","ast-main-header-display":"","ast-hfb-above-header-display":"","ast-hfb-below-header-display":"","ast-hfb-mobile-header-display":"","site-post-title":"","ast-breadcrumbs-content":"","ast-featured-img":"","footer-sml-layout":"disabled","theme-transparent-header-meta":"default","adv-header-id-meta":"","stick-header-meta":"","header-above-stick-meta":"","header-main-stick-meta":"","header-below-stick-meta":""},"categories":[19],"tags":[],"acf":[],"yoast_head":"<!-- This site is optimized with the Yoast SEO plugin v18.1 - https:\/\/yoast.com\/wordpress\/plugins\/seo\/ -->\n<title>Faoi - Gaelchol\u00e1iste Luimnigh<\/title>\n<meta name=\"robots\" content=\"index, follow, max-snippet:-1, max-image-preview:large, max-video-preview:-1\" \/>\n<link rel=\"canonical\" href=\"https:\/\/gcluimnigh.ie\/ga\/faoi\/\" \/>\n<meta property=\"og:locale\" content=\"ga_IE\" \/>\n<meta property=\"og:type\" content=\"article\" \/>\n<meta property=\"og:title\" content=\"Faoi - Gaelchol\u00e1iste Luimnigh\" \/>\n<meta property=\"og:description\" content=\"Is me\u00e1n-scoil l\u00e1n ghaelach Gaelchol\u00e1iste Luimnigh. M\u00faintear gach \u00e1bhar (seachas teangacha eile) tr\u00ed mhe\u00e1n na Gaeilge. Sol\u00e1thra\u00edonn an su\u00edomh seo faisn\u00e9is do thuismitheoir\u00ed, dalta\u00ed agus comhphobal Ghaelchol\u00e1iste Luimnigh faoi ch\u00farsa\u00ed agus nuacht an chol\u00e1iste.\" \/>\n<meta property=\"og:url\" content=\"https:\/\/gcluimnigh.ie\/ga\/faoi\/\" \/>\n<meta property=\"og:site_name\" content=\"Gaelchol\u00e1iste Luimnigh\" \/>\n<meta property=\"article:modified_time\" content=\"2022-01-06T15:00:19+00:00\" \/>\n<meta name=\"twitter:card\" content=\"summary_large_image\" \/>\n<script type=\"application\/ld+json\" class=\"yoast-schema-graph\">{\"@context\":\"https:\/\/schema.org\",\"@graph\":[{\"@type\":\"WebSite\",\"@id\":\"https:\/\/gcluimnigh.ie\/#website\",\"url\":\"https:\/\/gcluimnigh.ie\/\",\"name\":\"Gaelchol\u00e1iste Luimnigh\",\"description\":\"\",\"potentialAction\":[{\"@type\":\"SearchAction\",\"target\":{\"@type\":\"EntryPoint\",\"urlTemplate\":\"https:\/\/gcluimnigh.ie\/?s={search_term_string}\"},\"query-input\":\"required name=search_term_string\"}],\"inLanguage\":\"ga-IE\"},{\"@type\":\"WebPage\",\"@id\":\"https:\/\/gcluimnigh.ie\/ga\/faoi\/#webpage\",\"url\":\"https:\/\/gcluimnigh.ie\/ga\/faoi\/\",\"name\":\"Faoi - Gaelchol\u00e1iste Luimnigh\",\"isPartOf\":{\"@id\":\"https:\/\/gcluimnigh.ie\/#website\"},\"datePublished\":\"2021-08-16T14:39:30+00:00\",\"dateModified\":\"2022-01-06T15:00:19+00:00\",\"breadcrumb\":{\"@id\":\"https:\/\/gcluimnigh.ie\/ga\/faoi\/#breadcrumb\"},\"inLanguage\":\"ga-IE\",\"potentialAction\":[{\"@type\":\"ReadAction\",\"target\":[\"https:\/\/gcluimnigh.ie\/ga\/faoi\/\"]}]},{\"@type\":\"BreadcrumbList\",\"@id\":\"https:\/\/gcluimnigh.ie\/ga\/faoi\/#breadcrumb\",\"itemListElement\":[{\"@type\":\"ListItem\",\"position\":1,\"name\":\"Home\",\"item\":\"https:\/\/gcluimnigh.ie\/ga\/\"},{\"@type\":\"ListItem\",\"position\":2,\"name\":\"Faoi\"}]}]}<\/script>\n<!-- \/ Yoast SEO plugin. -->","yoast_head_json":{"title":"Faoi - Gaelchol\u00e1iste Luimnigh","robots":{"index":"index","follow":"follow","max-snippet":"max-snippet:-1","max-image-preview":"max-image-preview:large","max-video-preview":"max-video-preview:-1"},"canonical":"https:\/\/gcluimnigh.ie\/ga\/faoi\/","og_locale":"ga_IE","og_type":"article","og_title":"Faoi - Gaelchol\u00e1iste Luimnigh","og_description":"Is me\u00e1n-scoil l\u00e1n ghaelach Gaelchol\u00e1iste Luimnigh. M\u00faintear gach \u00e1bhar (seachas teangacha eile) tr\u00ed mhe\u00e1n na Gaeilge. Sol\u00e1thra\u00edonn an su\u00edomh seo faisn\u00e9is do thuismitheoir\u00ed, dalta\u00ed agus comhphobal Ghaelchol\u00e1iste Luimnigh faoi ch\u00farsa\u00ed agus nuacht an chol\u00e1iste.","og_url":"https:\/\/gcluimnigh.ie\/ga\/faoi\/","og_site_name":"Gaelchol\u00e1iste Luimnigh","article_modified_time":"2022-01-06T15:00:19+00:00","twitter_card":"summary_large_image","schema":{"@context":"https:\/\/schema.org","@graph":[{"@type":"WebSite","@id":"https:\/\/gcluimnigh.ie\/#website","url":"https:\/\/gcluimnigh.ie\/","name":"Gaelchol\u00e1iste Luimnigh","description":"","potentialAction":[{"@type":"SearchAction","target":{"@type":"EntryPoint","urlTemplate":"https:\/\/gcluimnigh.ie\/?s={search_term_string}"},"query-input":"required name=search_term_string"}],"inLanguage":"ga-IE"},{"@type":"WebPage","@id":"https:\/\/gcluimnigh.ie\/ga\/faoi\/#webpage","url":"https:\/\/gcluimnigh.ie\/ga\/faoi\/","name":"Faoi - Gaelchol\u00e1iste Luimnigh","isPartOf":{"@id":"https:\/\/gcluimnigh.ie\/#website"},"datePublished":"2021-08-16T14:39:30+00:00","dateModified":"2022-01-06T15:00:19+00:00","breadcrumb":{"@id":"https:\/\/gcluimnigh.ie\/ga\/faoi\/#breadcrumb"},"inLanguage":"ga-IE","potentialAction":[{"@type":"ReadAction","target":["https:\/\/gcluimnigh.ie\/ga\/faoi\/"]}]},{"@type":"BreadcrumbList","@id":"https:\/\/gcluimnigh.ie\/ga\/faoi\/#breadcrumb","itemListElement":[{"@type":"ListItem","position":1,"name":"Home","item":"https:\/\/gcluimnigh.ie\/ga\/"},{"@type":"ListItem","position":2,"name":"Faoi"}]}]}},"_links":{"self":[{"href":"https:\/\/gcluimnigh.ie\/ga\/wp-json\/wp\/v2\/pages\/588"}],"collection":[{"href":"https:\/\/gcluimnigh.ie\/ga\/wp-json\/wp\/v2\/pages"}],"about":[{"href":"https:\/\/gcluimnigh.ie\/ga\/wp-json\/wp\/v2\/types\/page"}],"author":[{"embeddable":true,"href":"https:\/\/gcluimnigh.ie\/ga\/wp-json\/wp\/v2\/users\/1"}],"replies":[{"embeddable":true,"href":"https:\/\/gcluimnigh.ie\/ga\/wp-json\/wp\/v2\/comments?post=588"}],"version-history":[{"count":0,"href":"https:\/\/gcluimnigh.ie\/ga\/wp-json\/wp\/v2\/pages\/588\/revisions"}],"wp:attachment":[{"href":"https:\/\/gcluimnigh.ie\/ga\/wp-json\/wp\/v2\/media?parent=588"}],"wp:term":[{"taxonomy":"category","embeddable":true,"href":"https:\/\/gcluimnigh.ie\/ga\/wp-json\/wp\/v2\/categories?post=588"},{"taxonomy":"post_tag","embeddable":true,"href":"https:\/\/gcluimnigh.ie\/ga\/wp-json\/wp\/v2\/tags?post=588"}],"curies":[{"name":"wp","href":"https:\/\/api.w.org\/{rel}","templated":true}]}}