{"id":6304,"date":"2021-08-19T20:27:54","date_gmt":"2021-08-19T20:27:54","guid":{"rendered":"http:\/\/gcluimnigh.ie\/scolairi\/student-services\/bia-shlaintiuil\/"},"modified":"2021-08-19T20:27:54","modified_gmt":"2021-08-19T20:27:54","slug":"bia-shlaintiuil","status":"publish","type":"page","link":"https:\/\/gcluimnigh.ie\/ga\/scolairi\/student-services\/bia-shlaintiuil\/","title":{"rendered":"Bia Shl\u00e1inti\u00fail"},"content":{"rendered":"","protected":false},"excerpt":{"rendered":"","protected":false},"author":1,"featured_media":0,"parent":854,"menu_order":0,"comment_status":"closed","ping_status":"closed","template":"","meta":{"site-sidebar-layout":"default","site-content-layout":"default","ast-main-header-display":"","ast-hfb-above-header-display":"","ast-hfb-below-header-display":"","ast-hfb-mobile-header-display":"","site-post-title":"","ast-breadcrumbs-content":"","ast-featured-img":"","footer-sml-layout":"disabled","theme-transparent-header-meta":"default","adv-header-id-meta":"","stick-header-meta":"","header-above-stick-meta":"","header-main-stick-meta":"","header-below-stick-meta":""},"categories":[],"tags":[],"acf":[],"yoast_head":"<!-- This site is optimized with the Yoast SEO plugin v18.1 - https:\/\/yoast.com\/wordpress\/plugins\/seo\/ -->\n<title>Bia Shl\u00e1inti\u00fail - Gaelchol\u00e1iste Luimnigh<\/title>\n<meta name=\"robots\" content=\"index, follow, max-snippet:-1, max-image-preview:large, max-video-preview:-1\" \/>\n<link rel=\"canonical\" href=\"https:\/\/gcluimnigh.ie\/ga\/scolairi\/student-services\/bia-shlaintiuil\/\" \/>\n<meta property=\"og:locale\" content=\"ga_IE\" \/>\n<meta property=\"og:type\" content=\"article\" \/>\n<meta property=\"og:title\" content=\"Bia Shl\u00e1inti\u00fail - Gaelchol\u00e1iste Luimnigh\" \/>\n<meta property=\"og:url\" content=\"https:\/\/gcluimnigh.ie\/ga\/scolairi\/student-services\/bia-shlaintiuil\/\" \/>\n<meta property=\"og:site_name\" content=\"Gaelchol\u00e1iste Luimnigh\" \/>\n<meta name=\"twitter:card\" content=\"summary_large_image\" \/>\n<script type=\"application\/ld+json\" class=\"yoast-schema-graph\">{\"@context\":\"https:\/\/schema.org\",\"@graph\":[{\"@type\":\"WebSite\",\"@id\":\"https:\/\/gcluimnigh.ie\/#website\",\"url\":\"https:\/\/gcluimnigh.ie\/\",\"name\":\"Gaelchol\u00e1iste Luimnigh\",\"description\":\"\",\"potentialAction\":[{\"@type\":\"SearchAction\",\"target\":{\"@type\":\"EntryPoint\",\"urlTemplate\":\"https:\/\/gcluimnigh.ie\/?s={search_term_string}\"},\"query-input\":\"required name=search_term_string\"}],\"inLanguage\":\"ga-IE\"},{\"@type\":\"WebPage\",\"@id\":\"https:\/\/gcluimnigh.ie\/ga\/scolairi\/student-services\/bia-shlaintiuil\/#webpage\",\"url\":\"https:\/\/gcluimnigh.ie\/ga\/scolairi\/student-services\/bia-shlaintiuil\/\",\"name\":\"Bia Shl\u00e1inti\u00fail - Gaelchol\u00e1iste Luimnigh\",\"isPartOf\":{\"@id\":\"https:\/\/gcluimnigh.ie\/#website\"},\"datePublished\":\"2021-08-19T20:27:54+00:00\",\"dateModified\":\"2021-08-19T20:27:54+00:00\",\"breadcrumb\":{\"@id\":\"https:\/\/gcluimnigh.ie\/ga\/scolairi\/student-services\/bia-shlaintiuil\/#breadcrumb\"},\"inLanguage\":\"ga-IE\",\"potentialAction\":[{\"@type\":\"ReadAction\",\"target\":[\"https:\/\/gcluimnigh.ie\/ga\/scolairi\/student-services\/bia-shlaintiuil\/\"]}]},{\"@type\":\"BreadcrumbList\",\"@id\":\"https:\/\/gcluimnigh.ie\/ga\/scolairi\/student-services\/bia-shlaintiuil\/#breadcrumb\",\"itemListElement\":[{\"@type\":\"ListItem\",\"position\":1,\"name\":\"Home\",\"item\":\"https:\/\/gcluimnigh.ie\/ga\/\"},{\"@type\":\"ListItem\",\"position\":2,\"name\":\"Scol\u00e1ir\u00ed\",\"item\":\"https:\/\/gcluimnigh.ie\/ga\/scolairi\/\"},{\"@type\":\"ListItem\",\"position\":3,\"name\":\"Seirbh\u00eds\u00ed Scol\u00e1ir\u00ed\",\"item\":\"https:\/\/gcluimnigh.ie\/ga\/scolairi\/student-services\/\"},{\"@type\":\"ListItem\",\"position\":4,\"name\":\"Bia Shl\u00e1inti\u00fail\"}]}]}<\/script>\n<!-- \/ Yoast SEO plugin. -->","yoast_head_json":{"title":"Bia Shl\u00e1inti\u00fail - Gaelchol\u00e1iste Luimnigh","robots":{"index":"index","follow":"follow","max-snippet":"max-snippet:-1","max-image-preview":"max-image-preview:large","max-video-preview":"max-video-preview:-1"},"canonical":"https:\/\/gcluimnigh.ie\/ga\/scolairi\/student-services\/bia-shlaintiuil\/","og_locale":"ga_IE","og_type":"article","og_title":"Bia Shl\u00e1inti\u00fail - Gaelchol\u00e1iste Luimnigh","og_url":"https:\/\/gcluimnigh.ie\/ga\/scolairi\/student-services\/bia-shlaintiuil\/","og_site_name":"Gaelchol\u00e1iste Luimnigh","twitter_card":"summary_large_image","schema":{"@context":"https:\/\/schema.org","@graph":[{"@type":"WebSite","@id":"https:\/\/gcluimnigh.ie\/#website","url":"https:\/\/gcluimnigh.ie\/","name":"Gaelchol\u00e1iste Luimnigh","description":"","potentialAction":[{"@type":"SearchAction","target":{"@type":"EntryPoint","urlTemplate":"https:\/\/gcluimnigh.ie\/?s={search_term_string}"},"query-input":"required name=search_term_string"}],"inLanguage":"ga-IE"},{"@type":"WebPage","@id":"https:\/\/gcluimnigh.ie\/ga\/scolairi\/student-services\/bia-shlaintiuil\/#webpage","url":"https:\/\/gcluimnigh.ie\/ga\/scolairi\/student-services\/bia-shlaintiuil\/","name":"Bia Shl\u00e1inti\u00fail - Gaelchol\u00e1iste Luimnigh","isPartOf":{"@id":"https:\/\/gcluimnigh.ie\/#website"},"datePublished":"2021-08-19T20:27:54+00:00","dateModified":"2021-08-19T20:27:54+00:00","breadcrumb":{"@id":"https:\/\/gcluimnigh.ie\/ga\/scolairi\/student-services\/bia-shlaintiuil\/#breadcrumb"},"inLanguage":"ga-IE","potentialAction":[{"@type":"ReadAction","target":["https:\/\/gcluimnigh.ie\/ga\/scolairi\/student-services\/bia-shlaintiuil\/"]}]},{"@type":"BreadcrumbList","@id":"https:\/\/gcluimnigh.ie\/ga\/scolairi\/student-services\/bia-shlaintiuil\/#breadcrumb","itemListElement":[{"@type":"ListItem","position":1,"name":"Home","item":"https:\/\/gcluimnigh.ie\/ga\/"},{"@type":"ListItem","position":2,"name":"Scol\u00e1ir\u00ed","item":"https:\/\/gcluimnigh.ie\/ga\/scolairi\/"},{"@type":"ListItem","position":3,"name":"Seirbh\u00eds\u00ed Scol\u00e1ir\u00ed","item":"https:\/\/gcluimnigh.ie\/ga\/scolairi\/student-services\/"},{"@type":"ListItem","position":4,"name":"Bia Shl\u00e1inti\u00fail"}]}]}},"_links":{"self":[{"href":"https:\/\/gcluimnigh.ie\/ga\/wp-json\/wp\/v2\/pages\/6304"}],"collection":[{"href":"https:\/\/gcluimnigh.ie\/ga\/wp-json\/wp\/v2\/pages"}],"about":[{"href":"https:\/\/gcluimnigh.ie\/ga\/wp-json\/wp\/v2\/types\/page"}],"author":[{"embeddable":true,"href":"https:\/\/gcluimnigh.ie\/ga\/wp-json\/wp\/v2\/users\/1"}],"replies":[{"embeddable":true,"href":"https:\/\/gcluimnigh.ie\/ga\/wp-json\/wp\/v2\/comments?post=6304"}],"version-history":[{"count":0,"href":"https:\/\/gcluimnigh.ie\/ga\/wp-json\/wp\/v2\/pages\/6304\/revisions"}],"up":[{"embeddable":true,"href":"https:\/\/gcluimnigh.ie\/ga\/wp-json\/wp\/v2\/pages\/854"}],"wp:attachment":[{"href":"https:\/\/gcluimnigh.ie\/ga\/wp-json\/wp\/v2\/media?parent=6304"}],"wp:term":[{"taxonomy":"category","embeddable":true,"href":"https:\/\/gcluimnigh.ie\/ga\/wp-json\/wp\/v2\/categories?post=6304"},{"taxonomy":"post_tag","embeddable":true,"href":"https:\/\/gcluimnigh.ie\/ga\/wp-json\/wp\/v2\/tags?post=6304"}],"curies":[{"name":"wp","href":"https:\/\/api.w.org\/{rel}","templated":true}]}}